{"id":7,"date":"2019-10-18T13:33:21","date_gmt":"2019-10-18T11:33:21","guid":{"rendered":"http:\/\/amauryfoucart.fr\/?page_id=7"},"modified":"2024-01-12T02:25:29","modified_gmt":"2024-01-12T01:25:29","slug":"accueil","status":"publish","type":"page","link":"https:\/\/amauryfoucart.fr\/","title":{"rendered":"ACCUEIL"},"content":{"rendered":"\t\t<div data-elementor-type=\"wp-page\" data-elementor-id=\"7\" class=\"elementor elementor-7\">\n\t\t\t\t\t\t<div class=\"elementor-inner\">\n\t\t\t\t<div class=\"elementor-section-wrap\">\n\t\t\t\t\t\t\t\t\t<section class=\"elementor-section elementor-top-section elementor-element elementor-element-f04d060 elementor-section-boxed elementor-section-height-default elementor-section-height-default\" data-id=\"f04d060\" data-element_type=\"section\">\n\t\t\t\t\t\t<div class=\"elementor-container elementor-column-gap-default\">\n\t\t\t\t\t\t\t<div class=\"elementor-row\">\n\t\t\t\t\t<div class=\"elementor-column elementor-col-100 elementor-top-column elementor-element elementor-element-7b46982\" data-id=\"7b46982\" data-element_type=\"column\">\n\t\t\t<div class=\"elementor-column-wrap elementor-element-populated\">\n\t\t\t\t\t\t\t<div class=\"elementor-widget-wrap\">\n\t\t\t\t\t\t<div class=\"elementor-element elementor-element-9fcbcc2 elementor-widget elementor-widget-spacer\" data-id=\"9fcbcc2\" data-element_type=\"widget\" data-widget_type=\"spacer.default\">\n\t\t\t\t<div class=\"elementor-widget-container\">\n\t\t\t\t\t<div class=\"elementor-spacer\">\n\t\t\t<div class=\"elementor-spacer-inner\"><\/div>\n\t\t<\/div>\n\t\t\t\t<\/div>\n\t\t\t\t<\/div>\n\t\t\t\t\t\t<\/div>\n\t\t\t\t\t<\/div>\n\t\t<\/div>\n\t\t\t\t\t\t\t\t<\/div>\n\t\t\t\t\t<\/div>\n\t\t<\/section>\n\t\t\t\t<section class=\"elementor-section elementor-top-section elementor-element elementor-element-3364a7c elementor-section-boxed elementor-section-height-default elementor-section-height-default\" data-id=\"3364a7c\" data-element_type=\"section\">\n\t\t\t\t\t\t<div class=\"elementor-container elementor-column-gap-default\">\n\t\t\t\t\t\t\t<div class=\"elementor-row\">\n\t\t\t\t\t<div class=\"elementor-column elementor-col-100 elementor-top-column elementor-element elementor-element-3a73a1a\" data-id=\"3a73a1a\" data-element_type=\"column\">\n\t\t\t<div class=\"elementor-column-wrap elementor-element-populated\">\n\t\t\t\t\t\t\t<div class=\"elementor-widget-wrap\">\n\t\t\t\t\t\t<div class=\"elementor-element elementor-element-c98cadd elementor-widget elementor-widget-heading\" data-id=\"c98cadd\" data-element_type=\"widget\" data-widget_type=\"heading.default\">\n\t\t\t\t<div class=\"elementor-widget-container\">\n\t\t\t<h2 class=\"elementor-heading-title elementor-size-default\">Portraits photo \u00b7 Cr\u00e9ation de contenus audiovisuels \u00b7 Assistanat-r\u00e9alisation<\/h2>\t\t<\/div>\n\t\t\t\t<\/div>\n\t\t\t\t\t\t<\/div>\n\t\t\t\t\t<\/div>\n\t\t<\/div>\n\t\t\t\t\t\t\t\t<\/div>\n\t\t\t\t\t<\/div>\n\t\t<\/section>\n\t\t\t\t<section class=\"elementor-section elementor-top-section elementor-element elementor-element-ec3e731 elementor-section-boxed elementor-section-height-default elementor-section-height-default\" data-id=\"ec3e731\" data-element_type=\"section\">\n\t\t\t\t\t\t<div class=\"elementor-container elementor-column-gap-default\">\n\t\t\t\t\t\t\t<div class=\"elementor-row\">\n\t\t\t\t\t<div class=\"elementor-column elementor-col-100 elementor-top-column elementor-element elementor-element-6502159\" data-id=\"6502159\" data-element_type=\"column\">\n\t\t\t<div class=\"elementor-column-wrap elementor-element-populated\">\n\t\t\t\t\t\t\t<div class=\"elementor-widget-wrap\">\n\t\t\t\t\t\t<div class=\"elementor-element elementor-element-378f277 elementor-widget elementor-widget-heading\" data-id=\"378f277\" data-element_type=\"widget\" data-widget_type=\"heading.default\">\n\t\t\t\t<div class=\"elementor-widget-container\">\n\t\t\t<h2 class=\"elementor-heading-title elementor-size-default\">Lille, Hauts-de-France et Belgique<\/h2>\t\t<\/div>\n\t\t\t\t<\/div>\n\t\t\t\t\t\t<\/div>\n\t\t\t\t\t<\/div>\n\t\t<\/div>\n\t\t\t\t\t\t\t\t<\/div>\n\t\t\t\t\t<\/div>\n\t\t<\/section>\n\t\t\t\t<section class=\"elementor-section elementor-top-section elementor-element elementor-element-79fe976 elementor-section-boxed elementor-section-height-default elementor-section-height-default\" data-id=\"79fe976\" data-element_type=\"section\">\n\t\t\t\t\t\t<div class=\"elementor-container elementor-column-gap-default\">\n\t\t\t\t\t\t\t<div class=\"elementor-row\">\n\t\t\t\t\t<div class=\"elementor-column elementor-col-100 elementor-top-column elementor-element elementor-element-0278ef6\" data-id=\"0278ef6\" data-element_type=\"column\">\n\t\t\t<div class=\"elementor-column-wrap elementor-element-populated\">\n\t\t\t\t\t\t\t<div class=\"elementor-widget-wrap\">\n\t\t\t\t\t\t<div class=\"elementor-element elementor-element-1691fb4 elementor-widget elementor-widget-masonry-gt3\" data-id=\"1691fb4\" data-element_type=\"widget\" data-widget_type=\"masonry-gt3.default\">\n\t\t\t\t<div class=\"elementor-widget-container\">\n\t\t\t\t\t\t\t<div class=\"isotope_gallery_wrapper items3 hover_type1 source_gallery elementor\" data-images=\"[]\" data-settings=\"{&quot;cols&quot;:&quot;3&quot;,&quot;lightbox&quot;:true,&quot;title&quot;:false,&quot;show_category&quot;:false,&quot;source&quot;:&quot;gallery&quot;,&quot;filter&quot;:false,&quot;load_items&quot;:&quot;4&quot;,&quot;uid&quot;:671,&quot;gap_value&quot;:&quot;20&quot;,&quot;gap_unit&quot;:&quot;px&quot;}\">\r\n\t\t\t\t\t\t\t\t\t\t<div class=\"isotope_wrapper gt3_clear \" data-cols=\"3\">\r\n\t\t\t\t\t\t<div class=\"isotope_item loading \"><div class=\"wrapper\"><a href=\"https:\/\/amauryfoucart.fr\/wp-content\/uploads\/2024\/01\/Le\u0301o-600-900.jpg\" class=\"lightbox\"><div class=\"img_wrap\"><div class=\"img\"><img width=\"600\" height=\"900\" src=\"https:\/\/amauryfoucart.fr\/wp-content\/uploads\/2024\/01\/Le\u0301o-600-900.jpg\" class=\"attachment-full size-full\" alt=\"\" loading=\"lazy\" srcset=\"https:\/\/amauryfoucart.fr\/wp-content\/uploads\/2024\/01\/Le\u0301o-600-900.jpg 600w, https:\/\/amauryfoucart.fr\/wp-content\/uploads\/2024\/01\/Le\u0301o-600-900-200x300.jpg 200w\" sizes=\"(max-width: 600px) 100vw, 600px\" \/><\/div><\/div><\/a><\/div><\/div><div class=\"isotope_item loading \"><div class=\"wrapper\"><a href=\"https:\/\/amauryfoucart.fr\/wp-content\/uploads\/2021\/07\/DSC2770.jpg\" class=\"lightbox\"><div class=\"img_wrap\"><div class=\"img\"><img width=\"600\" height=\"900\" src=\"https:\/\/amauryfoucart.fr\/wp-content\/uploads\/2021\/07\/DSC2770.jpg\" class=\"attachment-full size-full\" alt=\"\" loading=\"lazy\" srcset=\"https:\/\/amauryfoucart.fr\/wp-content\/uploads\/2021\/07\/DSC2770.jpg 600w, https:\/\/amauryfoucart.fr\/wp-content\/uploads\/2021\/07\/DSC2770-200x300.jpg 200w\" sizes=\"(max-width: 600px) 100vw, 600px\" \/><\/div><\/div><\/a><\/div><\/div><div class=\"isotope_item loading \"><div class=\"wrapper\"><a href=\"https:\/\/amauryfoucart.fr\/wp-content\/uploads\/2021\/07\/Nina-600-900.jpg\" class=\"lightbox\"><div class=\"img_wrap\"><div class=\"img\"><img width=\"600\" height=\"900\" src=\"https:\/\/amauryfoucart.fr\/wp-content\/uploads\/2021\/07\/Nina-600-900.jpg\" class=\"attachment-full size-full\" alt=\"\" loading=\"lazy\" srcset=\"https:\/\/amauryfoucart.fr\/wp-content\/uploads\/2021\/07\/Nina-600-900.jpg 600w, https:\/\/amauryfoucart.fr\/wp-content\/uploads\/2021\/07\/Nina-600-900-200x300.jpg 200w\" sizes=\"(max-width: 600px) 100vw, 600px\" \/><\/div><\/div><\/a><\/div><\/div>\t\t\t\t\t<\/div>\r\n\t\t\t\t\t\t\t\t\t<\/div>\r\n\t\t\t\t\t\t<\/div>\n\t\t\t\t<\/div>\n\t\t\t\t\t\t<\/div>\n\t\t\t\t\t<\/div>\n\t\t<\/div>\n\t\t\t\t\t\t\t\t<\/div>\n\t\t\t\t\t<\/div>\n\t\t<\/section>\n\t\t\t\t<section class=\"elementor-section elementor-top-section elementor-element elementor-element-d75e118 elementor-section-boxed elementor-section-height-default elementor-section-height-default\" data-id=\"d75e118\" data-element_type=\"section\">\n\t\t\t\t\t\t<div class=\"elementor-container elementor-column-gap-default\">\n\t\t\t\t\t\t\t<div class=\"elementor-row\">\n\t\t\t\t\t<div class=\"elementor-column elementor-col-16 elementor-top-column elementor-element elementor-element-0585f36\" data-id=\"0585f36\" data-element_type=\"column\">\n\t\t\t<div class=\"elementor-column-wrap\">\n\t\t\t\t\t\t\t<div class=\"elementor-widget-wrap\">\n\t\t\t\t\t\t\t\t<\/div>\n\t\t\t\t\t<\/div>\n\t\t<\/div>\n\t\t\t\t<div class=\"elementor-column elementor-col-66 elementor-top-column elementor-element elementor-element-96d9988\" data-id=\"96d9988\" data-element_type=\"column\">\n\t\t\t<div class=\"elementor-column-wrap elementor-element-populated\">\n\t\t\t\t\t\t\t<div class=\"elementor-widget-wrap\">\n\t\t\t\t\t\t<div class=\"elementor-element elementor-element-c1a7915 elementor-widget elementor-widget-text-editor\" data-id=\"c1a7915\" data-element_type=\"widget\" data-widget_type=\"text-editor.default\">\n\t\t\t\t<div class=\"elementor-widget-container\">\n\t\t\t\t\t\t\t\t<div class=\"elementor-text-editor elementor-clearfix\">\n\t\t\t\t<p>Aussi loin que je me souvienne, j&#8217;ai toujours \u00e9t\u00e9 fascin\u00e9 par les m\u00e9tiers de l&#8217;image. D&#8217;abord dipl\u00f4m\u00e9 \u00e0 l&#8217;Universit\u00e9 de Lille, puis \u00e0 l&#8217;ESA Saint-Luc Tournai, mes \u00e9tudes m&#8217;ont permis d&#8217;allier ma passion cin\u00e9phile avec une professionnalisation dans l&#8217;audiovisuel. En photographie comme en vid\u00e9o, ma d\u00e9marche s\u2019axe principalement autour de la question du portrait, du regard et de la repr\u00e9sentation des corps. Dans un style naturaliste, mes projets explorent les th\u00e9matiques de la jeunesse, de la solitude, du d\u00e9sir, ou encore de l\u2019identit\u00e9 sexuelle.<\/p>\t\t\t\t\t<\/div>\n\t\t\t\t\t\t<\/div>\n\t\t\t\t<\/div>\n\t\t\t\t\t\t<\/div>\n\t\t\t\t\t<\/div>\n\t\t<\/div>\n\t\t\t\t<div class=\"elementor-column elementor-col-16 elementor-top-column elementor-element elementor-element-2e1e437\" data-id=\"2e1e437\" data-element_type=\"column\">\n\t\t\t<div class=\"elementor-column-wrap\">\n\t\t\t\t\t\t\t<div class=\"elementor-widget-wrap\">\n\t\t\t\t\t\t\t\t<\/div>\n\t\t\t\t\t<\/div>\n\t\t<\/div>\n\t\t\t\t\t\t\t\t<\/div>\n\t\t\t\t\t<\/div>\n\t\t<\/section>\n\t\t\t\t<section class=\"elementor-section elementor-top-section elementor-element elementor-element-07e5a10 elementor-section-boxed elementor-section-height-default elementor-section-height-default\" data-id=\"07e5a10\" data-element_type=\"section\">\n\t\t\t\t\t\t<div class=\"elementor-container elementor-column-gap-default\">\n\t\t\t\t\t\t\t<div class=\"elementor-row\">\n\t\t\t\t\t<div class=\"elementor-column elementor-col-20 elementor-top-column elementor-element elementor-element-eab37d3\" data-id=\"eab37d3\" data-element_type=\"column\">\n\t\t\t<div class=\"elementor-column-wrap\">\n\t\t\t\t\t\t\t<div class=\"elementor-widget-wrap\">\n\t\t\t\t\t\t\t\t<\/div>\n\t\t\t\t\t<\/div>\n\t\t<\/div>\n\t\t\t\t<div class=\"elementor-column elementor-col-20 elementor-top-column elementor-element elementor-element-888b99b\" data-id=\"888b99b\" data-element_type=\"column\">\n\t\t\t<div class=\"elementor-column-wrap\">\n\t\t\t\t\t\t\t<div class=\"elementor-widget-wrap\">\n\t\t\t\t\t\t\t\t<\/div>\n\t\t\t\t\t<\/div>\n\t\t<\/div>\n\t\t\t\t<div class=\"elementor-column elementor-col-20 elementor-top-column elementor-element elementor-element-51defa6\" data-id=\"51defa6\" data-element_type=\"column\">\n\t\t\t<div class=\"elementor-column-wrap elementor-element-populated\">\n\t\t\t\t\t\t\t<div class=\"elementor-widget-wrap\">\n\t\t\t\t\t\t<div class=\"elementor-element elementor-element-48d2d12 elementor-widget elementor-widget-image\" data-id=\"48d2d12\" data-element_type=\"widget\" data-widget_type=\"image.default\">\n\t\t\t\t<div class=\"elementor-widget-container\">\n\t\t\t\t\t\t\t\t<div class=\"elementor-image\">\n\t\t\t\t\t\t\t\t\t\t\t\t<img width=\"300\" height=\"300\" src=\"https:\/\/amauryfoucart.fr\/wp-content\/uploads\/2021\/07\/DSCF8761-300x300.jpg\" class=\"attachment-medium size-medium wp-image-1409\" alt=\"\" loading=\"lazy\" srcset=\"https:\/\/amauryfoucart.fr\/wp-content\/uploads\/2021\/07\/DSCF8761-300x300.jpg 300w, https:\/\/amauryfoucart.fr\/wp-content\/uploads\/2021\/07\/DSCF8761-150x150.jpg 150w, https:\/\/amauryfoucart.fr\/wp-content\/uploads\/2021\/07\/DSCF8761-768x768.jpg 768w, https:\/\/amauryfoucart.fr\/wp-content\/uploads\/2021\/07\/DSCF8761-400x400.jpg 400w, https:\/\/amauryfoucart.fr\/wp-content\/uploads\/2021\/07\/DSCF8761.jpg 900w\" sizes=\"(max-width: 300px) 100vw, 300px\" \/>\t\t\t\t\t\t\t\t\t\t\t\t\t\t<\/div>\n\t\t\t\t\t\t<\/div>\n\t\t\t\t<\/div>\n\t\t\t\t\t\t<\/div>\n\t\t\t\t\t<\/div>\n\t\t<\/div>\n\t\t\t\t<div class=\"elementor-column elementor-col-20 elementor-top-column elementor-element elementor-element-5f996b0\" data-id=\"5f996b0\" data-element_type=\"column\">\n\t\t\t<div class=\"elementor-column-wrap\">\n\t\t\t\t\t\t\t<div class=\"elementor-widget-wrap\">\n\t\t\t\t\t\t\t\t<\/div>\n\t\t\t\t\t<\/div>\n\t\t<\/div>\n\t\t\t\t<div class=\"elementor-column elementor-col-20 elementor-top-column elementor-element elementor-element-8620e71\" data-id=\"8620e71\" data-element_type=\"column\">\n\t\t\t<div class=\"elementor-column-wrap\">\n\t\t\t\t\t\t\t<div class=\"elementor-widget-wrap\">\n\t\t\t\t\t\t\t\t<\/div>\n\t\t\t\t\t<\/div>\n\t\t<\/div>\n\t\t\t\t\t\t\t\t<\/div>\n\t\t\t\t\t<\/div>\n\t\t<\/section>\n\t\t\t\t\t\t\t\t\t<\/div>\n\t\t\t<\/div>\n\t\t\t\t\t<\/div>\n\t\t","protected":false},"excerpt":{"rendered":"<p>Portraits photo \u00b7 Cr\u00e9ation de contenus audiovisuels \u00b7 Assistanat-r\u00e9alisation Lille, Hauts-de-France et Belgique Aussi loin que je me souvienne, j&#8217;ai toujours \u00e9t\u00e9 fascin\u00e9 par les m\u00e9tiers de l&#8217;image. D&#8217;abord dipl\u00f4m\u00e9 \u00e0 l&#8217;Universit\u00e9 de Lille, puis \u00e0 l&#8217;ESA Saint-Luc Tournai, mes \u00e9tudes m&#8217;ont permis d&#8217;allier ma passion cin\u00e9phile avec une professionnalisation dans l&#8217;audiovisuel. En photographie comme [&hellip;]<\/p>\n","protected":false},"author":1,"featured_media":0,"parent":0,"menu_order":0,"comment_status":"closed","ping_status":"closed","template":"","meta":[],"_links":{"self":[{"href":"https:\/\/amauryfoucart.fr\/index.php?rest_route=\/wp\/v2\/pages\/7"}],"collection":[{"href":"https:\/\/amauryfoucart.fr\/index.php?rest_route=\/wp\/v2\/pages"}],"about":[{"href":"https:\/\/amauryfoucart.fr\/index.php?rest_route=\/wp\/v2\/types\/page"}],"author":[{"embeddable":true,"href":"https:\/\/amauryfoucart.fr\/index.php?rest_route=\/wp\/v2\/users\/1"}],"replies":[{"embeddable":true,"href":"https:\/\/amauryfoucart.fr\/index.php?rest_route=%2Fwp%2Fv2%2Fcomments&post=7"}],"version-history":[{"count":157,"href":"https:\/\/amauryfoucart.fr\/index.php?rest_route=\/wp\/v2\/pages\/7\/revisions"}],"predecessor-version":[{"id":2508,"href":"https:\/\/amauryfoucart.fr\/index.php?rest_route=\/wp\/v2\/pages\/7\/revisions\/2508"}],"wp:attachment":[{"href":"https:\/\/amauryfoucart.fr\/index.php?rest_route=%2Fwp%2Fv2%2Fmedia&parent=7"}],"curies":[{"name":"wp","href":"https:\/\/api.w.org\/{rel}","templated":true}]}}